{"id":815,"date":"2024-10-20T21:07:25","date_gmt":"2024-10-20T13:07:25","guid":{"rendered":"https:\/\/kindven.com\/?post_type=product&#038;p=815"},"modified":"2025-09-07T14:06:40","modified_gmt":"2025-09-07T06:06:40","slug":"m10-ceiling-nail","status":"publish","type":"product","link":"https:\/\/kindven.com\/tr\/urun\/m10-ceiling-nail\/","title":{"rendered":"M10 tavan \u00e7ivisi"},"content":{"rendered":"<p>M10 tavan \u00e7ivisi, \u00e7iviler beton y\u00fczeye \u00e7ak\u0131ld\u0131\u011f\u0131nda, \u00e7iviler kavisli hale gelir ve s\u0131k\u0131ca yerinde tutulabilir.<\/p>\n<p><img fetchpriority=\"high\" decoding=\"async\" class=\"alignnone wp-image-1059\" src=\"http:\/\/kindven.com\/wp-content\/uploads\/2024\/10\/15482202208041514094-300x300.webp\" alt=\"\" width=\"599\" height=\"599\" srcset=\"https:\/\/kindven.com\/wp-content\/uploads\/2024\/10\/15482202208041514094-300x300.webp 300w, https:\/\/kindven.com\/wp-content\/uploads\/2024\/10\/15482202208041514094-150x150.webp 150w, https:\/\/kindven.com\/wp-content\/uploads\/2024\/10\/15482202208041514094-768x768.webp 768w, https:\/\/kindven.com\/wp-content\/uploads\/2024\/10\/15482202208041514094-12x12.webp 12w, https:\/\/kindven.com\/wp-content\/uploads\/2024\/10\/15482202208041514094-600x600.webp 600w, https:\/\/kindven.com\/wp-content\/uploads\/2024\/10\/15482202208041514094-100x100.webp 100w, https:\/\/kindven.com\/wp-content\/uploads\/2024\/10\/15482202208041514094.webp 800w\" sizes=\"(max-width: 599px) 100vw, 599px\" \/><br \/>\n<img decoding=\"async\" class=\"alignnone size-medium wp-image-273\" src=\"http:\/\/kindven.com\/wp-content\/uploads\/2024\/10\/auto_903-300x188.webp\" alt=\"\" width=\"300\" height=\"188\" srcset=\"https:\/\/kindven.com\/wp-content\/uploads\/2024\/10\/auto_903-300x188.webp 300w, https:\/\/kindven.com\/wp-content\/uploads\/2024\/10\/auto_903.webp 600w\" sizes=\"(max-width: 300px) 100vw, 300px\" \/><img decoding=\"async\" class=\"alignnone size-medium wp-image-272\" src=\"http:\/\/kindven.com\/wp-content\/uploads\/2024\/10\/20190601024705628-300x187.webp\" alt=\"\" width=\"300\" height=\"187\" srcset=\"https:\/\/kindven.com\/wp-content\/uploads\/2024\/10\/20190601024705628-300x187.webp 300w, https:\/\/kindven.com\/wp-content\/uploads\/2024\/10\/20190601024705628-600x375.webp 600w, https:\/\/kindven.com\/wp-content\/uploads\/2024\/10\/20190601024705628.webp 700w\" sizes=\"(max-width: 300px) 100vw, 300px\" \/><\/p>\n<p><img loading=\"lazy\" decoding=\"async\" class=\"alignnone size-medium wp-image-271\" src=\"http:\/\/kindven.com\/wp-content\/uploads\/2024\/10\/8572600992_1872704451-300x188.webp\" alt=\"\" width=\"300\" height=\"188\" srcset=\"https:\/\/kindven.com\/wp-content\/uploads\/2024\/10\/8572600992_1872704451-300x188.webp 300w, https:\/\/kindven.com\/wp-content\/uploads\/2024\/10\/8572600992_1872704451-600x375.webp 600w, https:\/\/kindven.com\/wp-content\/uploads\/2024\/10\/8572600992_1872704451.webp 768w\" sizes=\"(max-width: 300px) 100vw, 300px\" \/><img loading=\"lazy\" decoding=\"async\" class=\"alignnone size-medium wp-image-1061\" src=\"http:\/\/kindven.com\/wp-content\/uploads\/2024\/10\/69cad29de2cefbd354710c0da022d973-300x189.webp\" alt=\"\" width=\"300\" height=\"189\" srcset=\"https:\/\/kindven.com\/wp-content\/uploads\/2024\/10\/69cad29de2cefbd354710c0da022d973-300x189.webp 300w, https:\/\/kindven.com\/wp-content\/uploads\/2024\/10\/69cad29de2cefbd354710c0da022d973-1024x644.webp 1024w, https:\/\/kindven.com\/wp-content\/uploads\/2024\/10\/69cad29de2cefbd354710c0da022d973-768x483.webp 768w, https:\/\/kindven.com\/wp-content\/uploads\/2024\/10\/69cad29de2cefbd354710c0da022d973-18x12.webp 18w, https:\/\/kindven.com\/wp-content\/uploads\/2024\/10\/69cad29de2cefbd354710c0da022d973-600x377.webp 600w, https:\/\/kindven.com\/wp-content\/uploads\/2024\/10\/69cad29de2cefbd354710c0da022d973.webp 1066w\" sizes=\"(max-width: 300px) 100vw, 300px\" \/><\/p>\n<p>Kullan\u0131m\u0131 kolayd\u0131r ve hem erkekler hem de kad\u0131nlar taraf\u0131ndan kullan\u0131labilir.<\/p>\n<p><img loading=\"lazy\" decoding=\"async\" class=\"alignnone wp-image-1058\" src=\"http:\/\/kindven.com\/wp-content\/uploads\/2024\/10\/329199f2873ac13efc182aaf4eaa58d2-194x300.webp\" alt=\"\" width=\"400\" height=\"619\" srcset=\"https:\/\/kindven.com\/wp-content\/uploads\/2024\/10\/329199f2873ac13efc182aaf4eaa58d2-194x300.webp 194w, https:\/\/kindven.com\/wp-content\/uploads\/2024\/10\/329199f2873ac13efc182aaf4eaa58d2-663x1024.webp 663w, https:\/\/kindven.com\/wp-content\/uploads\/2024\/10\/329199f2873ac13efc182aaf4eaa58d2-768x1187.webp 768w, https:\/\/kindven.com\/wp-content\/uploads\/2024\/10\/329199f2873ac13efc182aaf4eaa58d2-8x12.webp 8w, https:\/\/kindven.com\/wp-content\/uploads\/2024\/10\/329199f2873ac13efc182aaf4eaa58d2-600x927.webp 600w, https:\/\/kindven.com\/wp-content\/uploads\/2024\/10\/329199f2873ac13efc182aaf4eaa58d2.webp 790w\" sizes=\"(max-width: 400px) 100vw, 400px\" \/><\/p>","protected":false},"excerpt":{"rendered":"<p>M10 tavan \u00e7ivisi, \u00fcstte sabitlenmi\u015f bir t\u00fcr \u00e7ividir ve t\u00fcm i\u00e7 mekan tavan i\u015flerinde, kanal baca tesisat\u0131nda ve di\u011fer \u00fcst sabitleme projelerinde kullan\u0131labilen m10 vidal\u0131 \u00e7ubu\u011fu, bir t\u00fcr Entegre ila\u00e7 t\u00fcp\u00fc ve demir \u00e7ivileri ba\u011flamak i\u00e7in as\u0131labilir.<\/p>","protected":false},"featured_media":838,"template":"","meta":{"rank_math_lock_modified_date":false},"product_cat":[27],"product_tag":[41,42],"class_list":{"0":"post-815","1":"product","2":"type-product","3":"status-publish","4":"has-post-thumbnail","6":"product_cat-big-gun-nail","7":"product_tag-integrated-nail","8":"product_tag-shooting-nail","10":"first","11":"instock","12":"shipping-taxable","13":"purchasable","14":"product-type-simple"},"_links":{"self":[{"href":"https:\/\/kindven.com\/tr\/wp-json\/wp\/v2\/product\/815","targetHints":{"allow":["GET"]}}],"collection":[{"href":"https:\/\/kindven.com\/tr\/wp-json\/wp\/v2\/product"}],"about":[{"href":"https:\/\/kindven.com\/tr\/wp-json\/wp\/v2\/types\/product"}],"wp:featuredmedia":[{"embeddable":true,"href":"https:\/\/kindven.com\/tr\/wp-json\/wp\/v2\/media\/838"}],"wp:attachment":[{"href":"https:\/\/kindven.com\/tr\/wp-json\/wp\/v2\/media?parent=815"}],"wp:term":[{"taxonomy":"product_cat","embeddable":true,"href":"https:\/\/kindven.com\/tr\/wp-json\/wp\/v2\/product_cat?post=815"},{"taxonomy":"product_tag","embeddable":true,"href":"https:\/\/kindven.com\/tr\/wp-json\/wp\/v2\/product_tag?post=815"}],"curies":[{"name":"wp","href":"https:\/\/api.w.org\/{rel}","templated":true}]}}