{"id":811,"date":"2024-10-20T20:00:11","date_gmt":"2024-10-20T12:00:11","guid":{"rendered":"https:\/\/kindven.com\/?post_type=product&#038;p=811"},"modified":"2025-09-07T14:03:46","modified_gmt":"2025-09-07T06:03:46","slug":"big-47-wooden-keel-nail","status":"publish","type":"product","link":"https:\/\/kindven.com\/tr\/urun\/big-47-wooden-keel-nail\/","title":{"rendered":"b\u00fcy\u00fck 47 ah\u015fap salma \u00e7ivisi"},"content":{"rendered":"<p style=\"text-align: center;\">b\u00fcy\u00fck 47 ah\u015fap salma \u00e7ivisi, bir t\u00fcr entegre \u00e7ivi<\/p>\n<p style=\"text-align: center;\"><img fetchpriority=\"high\" decoding=\"async\" class=\"alignnone size-medium wp-image-826\" src=\"https:\/\/kindven.com\/wp-content\/uploads\/2024\/10\/47-mulonggu-nail-300x300.webp\" alt=\"\" width=\"300\" height=\"300\" srcset=\"https:\/\/kindven.com\/wp-content\/uploads\/2024\/10\/47-mulonggu-nail-300x300.webp 300w, https:\/\/kindven.com\/wp-content\/uploads\/2024\/10\/47-mulonggu-nail-1024x1024.webp 1024w, https:\/\/kindven.com\/wp-content\/uploads\/2024\/10\/47-mulonggu-nail-150x150.webp 150w, https:\/\/kindven.com\/wp-content\/uploads\/2024\/10\/47-mulonggu-nail-768x768.webp 768w, https:\/\/kindven.com\/wp-content\/uploads\/2024\/10\/47-mulonggu-nail-12x12.webp 12w, https:\/\/kindven.com\/wp-content\/uploads\/2024\/10\/47-mulonggu-nail-600x600.webp 600w, https:\/\/kindven.com\/wp-content\/uploads\/2024\/10\/47-mulonggu-nail-100x100.webp 100w, https:\/\/kindven.com\/wp-content\/uploads\/2024\/10\/47-mulonggu-nail.webp 1080w\" sizes=\"(max-width: 300px) 100vw, 300px\" \/><\/p>\n<p style=\"text-align: center;\"><img decoding=\"async\" class=\"alignnone size-medium wp-image-1260\" src=\"https:\/\/kindven.com\/wp-content\/uploads\/2024\/10\/e6c12918-dae9-4855-8d21-4d07e9bfdf64-300x300.jpg\" alt=\"\" width=\"300\" height=\"300\" srcset=\"https:\/\/kindven.com\/wp-content\/uploads\/2024\/10\/e6c12918-dae9-4855-8d21-4d07e9bfdf64-300x300.jpg 300w, https:\/\/kindven.com\/wp-content\/uploads\/2024\/10\/e6c12918-dae9-4855-8d21-4d07e9bfdf64-1024x1024.jpg 1024w, https:\/\/kindven.com\/wp-content\/uploads\/2024\/10\/e6c12918-dae9-4855-8d21-4d07e9bfdf64-150x150.jpg 150w, https:\/\/kindven.com\/wp-content\/uploads\/2024\/10\/e6c12918-dae9-4855-8d21-4d07e9bfdf64-768x768.jpg 768w, https:\/\/kindven.com\/wp-content\/uploads\/2024\/10\/e6c12918-dae9-4855-8d21-4d07e9bfdf64-1536x1536.jpg 1536w, https:\/\/kindven.com\/wp-content\/uploads\/2024\/10\/e6c12918-dae9-4855-8d21-4d07e9bfdf64-12x12.jpg 12w, https:\/\/kindven.com\/wp-content\/uploads\/2024\/10\/e6c12918-dae9-4855-8d21-4d07e9bfdf64-600x600.jpg 600w, https:\/\/kindven.com\/wp-content\/uploads\/2024\/10\/e6c12918-dae9-4855-8d21-4d07e9bfdf64-100x100.jpg 100w, https:\/\/kindven.com\/wp-content\/uploads\/2024\/10\/e6c12918-dae9-4855-8d21-4d07e9bfdf64.jpg 2000w\" sizes=\"(max-width: 300px) 100vw, 300px\" \/><\/p>","protected":false},"excerpt":{"rendered":"<p>b\u00fcy\u00fck 47 ah\u015fap salma \u00e7ivileri, ah\u015fap \u015feritleri birbirine ba\u011flayabilen, daha uzun, bir t\u00fcr Entegre ila\u00e7 t\u00fcp\u00fc ve demir \u00e7ivi, di\u015flerin \u00fcst k\u0131sm\u0131, ince alt k\u0131sm\u0131, kare bir par\u00e7a ile demir \u00e7ivilerdir.<\/p>","protected":false},"featured_media":826,"template":"","meta":{"rank_math_lock_modified_date":false},"product_cat":[27],"product_tag":[41,42],"class_list":{"0":"post-811","1":"product","2":"type-product","3":"status-publish","4":"has-post-thumbnail","6":"product_cat-big-gun-nail","7":"product_tag-integrated-nail","8":"product_tag-shooting-nail","10":"first","11":"instock","12":"shipping-taxable","13":"purchasable","14":"product-type-simple"},"_links":{"self":[{"href":"https:\/\/kindven.com\/tr\/wp-json\/wp\/v2\/product\/811","targetHints":{"allow":["GET"]}}],"collection":[{"href":"https:\/\/kindven.com\/tr\/wp-json\/wp\/v2\/product"}],"about":[{"href":"https:\/\/kindven.com\/tr\/wp-json\/wp\/v2\/types\/product"}],"wp:featuredmedia":[{"embeddable":true,"href":"https:\/\/kindven.com\/tr\/wp-json\/wp\/v2\/media\/826"}],"wp:attachment":[{"href":"https:\/\/kindven.com\/tr\/wp-json\/wp\/v2\/media?parent=811"}],"wp:term":[{"taxonomy":"product_cat","embeddable":true,"href":"https:\/\/kindven.com\/tr\/wp-json\/wp\/v2\/product_cat?post=811"},{"taxonomy":"product_tag","embeddable":true,"href":"https:\/\/kindven.com\/tr\/wp-json\/wp\/v2\/product_tag?post=811"}],"curies":[{"name":"wp","href":"https:\/\/api.w.org\/{rel}","templated":true}]}}