{"id":342,"date":"2024-10-09T19:52:04","date_gmt":"2024-10-09T11:52:04","guid":{"rendered":"https:\/\/kindven.com\/?post_type=product&#038;p=342"},"modified":"2025-09-07T13:53:55","modified_gmt":"2025-09-07T05:53:55","slug":"mini-m8-threaded-integrated-nail","status":"publish","type":"product","link":"https:\/\/kindven.com\/tr\/urun\/mini-m8-threaded-integrated-nail\/","title":{"rendered":"Mini m8 di\u015fli entegre \u00e7ivi"},"content":{"rendered":"<p style=\"text-align: center;\">Mini m8 di\u015fli entegre \u00e7ivi<\/p>\n<p style=\"text-align: center;\"><img fetchpriority=\"high\" decoding=\"async\" class=\"alignnone size-medium wp-image-1225\" src=\"https:\/\/kindven.com\/wp-content\/uploads\/2024\/10\/O1CN01fIDn7v29YEpJ9r4aL_4611686018427383919-0-rate.jpg_960x960.jpg_-225x300.webp\" alt=\"\" width=\"225\" height=\"300\" srcset=\"https:\/\/kindven.com\/wp-content\/uploads\/2024\/10\/O1CN01fIDn7v29YEpJ9r4aL_4611686018427383919-0-rate.jpg_960x960.jpg_-225x300.webp 225w, https:\/\/kindven.com\/wp-content\/uploads\/2024\/10\/O1CN01fIDn7v29YEpJ9r4aL_4611686018427383919-0-rate.jpg_960x960.jpg_-9x12.webp 9w, https:\/\/kindven.com\/wp-content\/uploads\/2024\/10\/O1CN01fIDn7v29YEpJ9r4aL_4611686018427383919-0-rate.jpg_960x960.jpg_-600x800.webp 600w, https:\/\/kindven.com\/wp-content\/uploads\/2024\/10\/O1CN01fIDn7v29YEpJ9r4aL_4611686018427383919-0-rate.jpg_960x960.jpg_.webp 720w\" sizes=\"(max-width: 225px) 100vw, 225px\" \/><img decoding=\"async\" class=\"alignnone size-medium wp-image-1228\" src=\"https:\/\/kindven.com\/wp-content\/uploads\/2024\/10\/O1CN01ucKVNs2MOFAmOZmfV_0-tbbala.jpg_960x960.jpg_-225x300.webp\" alt=\"\" width=\"225\" height=\"300\" srcset=\"https:\/\/kindven.com\/wp-content\/uploads\/2024\/10\/O1CN01ucKVNs2MOFAmOZmfV_0-tbbala.jpg_960x960.jpg_-225x300.webp 225w, https:\/\/kindven.com\/wp-content\/uploads\/2024\/10\/O1CN01ucKVNs2MOFAmOZmfV_0-tbbala.jpg_960x960.jpg_-9x12.webp 9w, https:\/\/kindven.com\/wp-content\/uploads\/2024\/10\/O1CN01ucKVNs2MOFAmOZmfV_0-tbbala.jpg_960x960.jpg_-600x800.webp 600w, https:\/\/kindven.com\/wp-content\/uploads\/2024\/10\/O1CN01ucKVNs2MOFAmOZmfV_0-tbbala.jpg_960x960.jpg_.webp 720w\" sizes=\"(max-width: 225px) 100vw, 225px\" \/><\/p>\n<p style=\"text-align: center;\"><img decoding=\"async\" class=\"alignnone size-medium wp-image-1226\" src=\"https:\/\/kindven.com\/wp-content\/uploads\/2024\/10\/O1CN01jDzoyi29YEpR1QiXM_4611686018427383919-0-rate.jpg_960x960.jpg_-225x300.webp\" alt=\"\" width=\"225\" height=\"300\" srcset=\"https:\/\/kindven.com\/wp-content\/uploads\/2024\/10\/O1CN01jDzoyi29YEpR1QiXM_4611686018427383919-0-rate.jpg_960x960.jpg_-225x300.webp 225w, https:\/\/kindven.com\/wp-content\/uploads\/2024\/10\/O1CN01jDzoyi29YEpR1QiXM_4611686018427383919-0-rate.jpg_960x960.jpg_-9x12.webp 9w, https:\/\/kindven.com\/wp-content\/uploads\/2024\/10\/O1CN01jDzoyi29YEpR1QiXM_4611686018427383919-0-rate.jpg_960x960.jpg_-600x800.webp 600w, https:\/\/kindven.com\/wp-content\/uploads\/2024\/10\/O1CN01jDzoyi29YEpR1QiXM_4611686018427383919-0-rate.jpg_960x960.jpg_.webp 720w\" sizes=\"(max-width: 225px) 100vw, 225px\" \/><img loading=\"lazy\" decoding=\"async\" class=\"alignnone size-medium wp-image-1227\" src=\"https:\/\/kindven.com\/wp-content\/uploads\/2024\/10\/O1CN01OTNVl729YEpRiudb0_4611686018427383919-0-rate.jpg_960x960.jpg_-225x300.webp\" alt=\"\" width=\"225\" height=\"300\" srcset=\"https:\/\/kindven.com\/wp-content\/uploads\/2024\/10\/O1CN01OTNVl729YEpRiudb0_4611686018427383919-0-rate.jpg_960x960.jpg_-225x300.webp 225w, https:\/\/kindven.com\/wp-content\/uploads\/2024\/10\/O1CN01OTNVl729YEpRiudb0_4611686018427383919-0-rate.jpg_960x960.jpg_-9x12.webp 9w, https:\/\/kindven.com\/wp-content\/uploads\/2024\/10\/O1CN01OTNVl729YEpRiudb0_4611686018427383919-0-rate.jpg_960x960.jpg_-600x800.webp 600w, https:\/\/kindven.com\/wp-content\/uploads\/2024\/10\/O1CN01OTNVl729YEpRiudb0_4611686018427383919-0-rate.jpg_960x960.jpg_.webp 720w\" sizes=\"(max-width: 225px) 100vw, 225px\" \/><\/p>\n<p><img loading=\"lazy\" decoding=\"async\" class=\"alignnone wp-image-1222 aligncenter\" src=\"https:\/\/kindven.com\/wp-content\/uploads\/2024\/10\/O1CN01PQIjRv1uFiaoSeKVd_4611686018427387240-0-tbbala.jpg_960x960.jpg_-225x300.webp\" alt=\"\" width=\"410\" height=\"547\" srcset=\"https:\/\/kindven.com\/wp-content\/uploads\/2024\/10\/O1CN01PQIjRv1uFiaoSeKVd_4611686018427387240-0-tbbala.jpg_960x960.jpg_-225x300.webp 225w, https:\/\/kindven.com\/wp-content\/uploads\/2024\/10\/O1CN01PQIjRv1uFiaoSeKVd_4611686018427387240-0-tbbala.jpg_960x960.jpg_-9x12.webp 9w, https:\/\/kindven.com\/wp-content\/uploads\/2024\/10\/O1CN01PQIjRv1uFiaoSeKVd_4611686018427387240-0-tbbala.jpg_960x960.jpg_-600x800.webp 600w, https:\/\/kindven.com\/wp-content\/uploads\/2024\/10\/O1CN01PQIjRv1uFiaoSeKVd_4611686018427387240-0-tbbala.jpg_960x960.jpg_.webp 720w\" sizes=\"(max-width: 410px) 100vw, 410px\" \/><\/p>\n<p style=\"text-align: center;\"><img loading=\"lazy\" decoding=\"async\" class=\"alignnone wp-image-1223\" src=\"https:\/\/kindven.com\/wp-content\/uploads\/2024\/10\/O1CN01VdGeRR1uFiaqdeCX4_4611686018427387240-0-tbbala.jpg_960x960.jpg_-300x225.webp\" alt=\"\" width=\"411\" height=\"308\" srcset=\"https:\/\/kindven.com\/wp-content\/uploads\/2024\/10\/O1CN01VdGeRR1uFiaqdeCX4_4611686018427387240-0-tbbala.jpg_960x960.jpg_-300x225.webp 300w, https:\/\/kindven.com\/wp-content\/uploads\/2024\/10\/O1CN01VdGeRR1uFiaqdeCX4_4611686018427387240-0-tbbala.jpg_960x960.jpg_-768x576.webp 768w, https:\/\/kindven.com\/wp-content\/uploads\/2024\/10\/O1CN01VdGeRR1uFiaqdeCX4_4611686018427387240-0-tbbala.jpg_960x960.jpg_-16x12.webp 16w, https:\/\/kindven.com\/wp-content\/uploads\/2024\/10\/O1CN01VdGeRR1uFiaqdeCX4_4611686018427387240-0-tbbala.jpg_960x960.jpg_-600x450.webp 600w, https:\/\/kindven.com\/wp-content\/uploads\/2024\/10\/O1CN01VdGeRR1uFiaqdeCX4_4611686018427387240-0-tbbala.jpg_960x960.jpg_.webp 960w\" sizes=\"(max-width: 411px) 100vw, 411px\" \/><\/p>\n<p style=\"text-align: center;\"><img loading=\"lazy\" decoding=\"async\" class=\"alignnone wp-image-1224\" src=\"https:\/\/kindven.com\/wp-content\/uploads\/2024\/10\/O1CN01Wq7f561uFiapIDsiN_4611686018427387240-0-tbbala.jpg_960x960.jpg_-300x225.webp\" alt=\"\" width=\"411\" height=\"308\" srcset=\"https:\/\/kindven.com\/wp-content\/uploads\/2024\/10\/O1CN01Wq7f561uFiapIDsiN_4611686018427387240-0-tbbala.jpg_960x960.jpg_-300x225.webp 300w, https:\/\/kindven.com\/wp-content\/uploads\/2024\/10\/O1CN01Wq7f561uFiapIDsiN_4611686018427387240-0-tbbala.jpg_960x960.jpg_-768x576.webp 768w, https:\/\/kindven.com\/wp-content\/uploads\/2024\/10\/O1CN01Wq7f561uFiapIDsiN_4611686018427387240-0-tbbala.jpg_960x960.jpg_-16x12.webp 16w, https:\/\/kindven.com\/wp-content\/uploads\/2024\/10\/O1CN01Wq7f561uFiapIDsiN_4611686018427387240-0-tbbala.jpg_960x960.jpg_-600x450.webp 600w, https:\/\/kindven.com\/wp-content\/uploads\/2024\/10\/O1CN01Wq7f561uFiapIDsiN_4611686018427387240-0-tbbala.jpg_960x960.jpg_.webp 960w\" sizes=\"(max-width: 411px) 100vw, 411px\" \/><\/p>\n<p><img loading=\"lazy\" decoding=\"async\" class=\"alignnone wp-image-1221 aligncenter\" src=\"https:\/\/kindven.com\/wp-content\/uploads\/2024\/10\/O1CN01DLpfRW1uFiarWuY6R_4611686018427387240-0-tbbala.jpg_960x960.jpg_-300x225.webp\" alt=\"\" width=\"411\" height=\"308\" srcset=\"https:\/\/kindven.com\/wp-content\/uploads\/2024\/10\/O1CN01DLpfRW1uFiarWuY6R_4611686018427387240-0-tbbala.jpg_960x960.jpg_-300x225.webp 300w, https:\/\/kindven.com\/wp-content\/uploads\/2024\/10\/O1CN01DLpfRW1uFiarWuY6R_4611686018427387240-0-tbbala.jpg_960x960.jpg_-768x576.webp 768w, https:\/\/kindven.com\/wp-content\/uploads\/2024\/10\/O1CN01DLpfRW1uFiarWuY6R_4611686018427387240-0-tbbala.jpg_960x960.jpg_-16x12.webp 16w, https:\/\/kindven.com\/wp-content\/uploads\/2024\/10\/O1CN01DLpfRW1uFiarWuY6R_4611686018427387240-0-tbbala.jpg_960x960.jpg_-600x450.webp 600w, https:\/\/kindven.com\/wp-content\/uploads\/2024\/10\/O1CN01DLpfRW1uFiarWuY6R_4611686018427387240-0-tbbala.jpg_960x960.jpg_.webp 960w\" sizes=\"(max-width: 411px) 100vw, 411px\" \/><\/p>\n<p style=\"text-align: center;\"><img loading=\"lazy\" decoding=\"async\" class=\"alignnone size-medium wp-image-1230\" src=\"https:\/\/kindven.com\/wp-content\/uploads\/2024\/10\/O1CN01xLfOZA2JVAKQizfnz_4611686018427382258-0-rate.jpg_960x960.jpg_-225x300.webp\" alt=\"\" width=\"225\" height=\"300\" srcset=\"https:\/\/kindven.com\/wp-content\/uploads\/2024\/10\/O1CN01xLfOZA2JVAKQizfnz_4611686018427382258-0-rate.jpg_960x960.jpg_-225x300.webp 225w, https:\/\/kindven.com\/wp-content\/uploads\/2024\/10\/O1CN01xLfOZA2JVAKQizfnz_4611686018427382258-0-rate.jpg_960x960.jpg_-9x12.webp 9w, https:\/\/kindven.com\/wp-content\/uploads\/2024\/10\/O1CN01xLfOZA2JVAKQizfnz_4611686018427382258-0-rate.jpg_960x960.jpg_-600x800.webp 600w, https:\/\/kindven.com\/wp-content\/uploads\/2024\/10\/O1CN01xLfOZA2JVAKQizfnz_4611686018427382258-0-rate.jpg_960x960.jpg_.webp 720w\" sizes=\"(max-width: 225px) 100vw, 225px\" \/> <img loading=\"lazy\" decoding=\"async\" class=\"alignnone size-medium wp-image-1231\" src=\"https:\/\/kindven.com\/wp-content\/uploads\/2024\/10\/O1CN012XvTyv1dp7hzVl4n2_0-rate.jpg_960x960.jpg_-225x300.webp\" alt=\"\" width=\"225\" height=\"300\" srcset=\"https:\/\/kindven.com\/wp-content\/uploads\/2024\/10\/O1CN012XvTyv1dp7hzVl4n2_0-rate.jpg_960x960.jpg_-225x300.webp 225w, https:\/\/kindven.com\/wp-content\/uploads\/2024\/10\/O1CN012XvTyv1dp7hzVl4n2_0-rate.jpg_960x960.jpg_-9x12.webp 9w, https:\/\/kindven.com\/wp-content\/uploads\/2024\/10\/O1CN012XvTyv1dp7hzVl4n2_0-rate.jpg_960x960.jpg_-600x800.webp 600w, https:\/\/kindven.com\/wp-content\/uploads\/2024\/10\/O1CN012XvTyv1dp7hzVl4n2_0-rate.jpg_960x960.jpg_.webp 720w\" sizes=\"(max-width: 225px) 100vw, 225px\" \/><\/p>","protected":false},"excerpt":{"rendered":"<p>Mini M8 di\u015fli entegre \u00e7ivi, M8 c\u0131vatal\u0131 bir \u00e7ividir. Nesneleri delmeden c\u0131vata ve somunlarla sabitlemek i\u00e7in kullan\u0131labilir ve beton ve \u00e7elik plakalar \u00fczerinde hareket edebilir.<\/p>","protected":false},"featured_media":1233,"template":"","meta":{"rank_math_lock_modified_date":false},"product_cat":[16],"product_tag":[41,42],"class_list":{"0":"post-342","1":"product","2":"type-product","3":"status-publish","4":"has-post-thumbnail","6":"product_cat-mini-gun-nail","7":"product_tag-integrated-nail","8":"product_tag-shooting-nail","10":"first","11":"instock","12":"featured","13":"shipping-taxable","14":"purchasable","15":"product-type-simple"},"_links":{"self":[{"href":"https:\/\/kindven.com\/tr\/wp-json\/wp\/v2\/product\/342","targetHints":{"allow":["GET"]}}],"collection":[{"href":"https:\/\/kindven.com\/tr\/wp-json\/wp\/v2\/product"}],"about":[{"href":"https:\/\/kindven.com\/tr\/wp-json\/wp\/v2\/types\/product"}],"wp:featuredmedia":[{"embeddable":true,"href":"https:\/\/kindven.com\/tr\/wp-json\/wp\/v2\/media\/1233"}],"wp:attachment":[{"href":"https:\/\/kindven.com\/tr\/wp-json\/wp\/v2\/media?parent=342"}],"wp:term":[{"taxonomy":"product_cat","embeddable":true,"href":"https:\/\/kindven.com\/tr\/wp-json\/wp\/v2\/product_cat?post=342"},{"taxonomy":"product_tag","embeddable":true,"href":"https:\/\/kindven.com\/tr\/wp-json\/wp\/v2\/product_tag?post=342"}],"curies":[{"name":"wp","href":"https:\/\/api.w.org\/{rel}","templated":true}]}}