{"id":1236,"date":"2025-03-03T17:55:20","date_gmt":"2025-03-03T09:55:20","guid":{"rendered":"https:\/\/kindven.com\/?post_type=product&#038;p=1236"},"modified":"2025-09-07T14:09:29","modified_gmt":"2025-09-07T06:09:29","slug":"l-shape-ceiling-nail","status":"publish","type":"product","link":"https:\/\/kindven.com\/tr\/urun\/l-shape-ceiling-nail\/","title":{"rendered":"L \u015feklinde tavan \u00e7ivisi"},"content":{"rendered":"<p style=\"text-align: center;\">L \u015feklinde tavan \u00e7ivisi<\/p>\n<p><img fetchpriority=\"high\" decoding=\"async\" class=\"alignnone wp-image-1237 aligncenter\" src=\"https:\/\/kindven.com\/wp-content\/uploads\/2025\/03\/\u5fae\u4fe1\u56fe\u7247_202503031749021-300x300.jpg\" alt=\"\" width=\"436\" height=\"436\" srcset=\"https:\/\/kindven.com\/wp-content\/uploads\/2025\/03\/\u5fae\u4fe1\u56fe\u7247_202503031749021-300x300.jpg 300w, https:\/\/kindven.com\/wp-content\/uploads\/2025\/03\/\u5fae\u4fe1\u56fe\u7247_202503031749021-150x150.jpg 150w, https:\/\/kindven.com\/wp-content\/uploads\/2025\/03\/\u5fae\u4fe1\u56fe\u7247_202503031749021-768x768.jpg 768w, https:\/\/kindven.com\/wp-content\/uploads\/2025\/03\/\u5fae\u4fe1\u56fe\u7247_202503031749021-12x12.jpg 12w, https:\/\/kindven.com\/wp-content\/uploads\/2025\/03\/\u5fae\u4fe1\u56fe\u7247_202503031749021-600x600.jpg 600w, https:\/\/kindven.com\/wp-content\/uploads\/2025\/03\/\u5fae\u4fe1\u56fe\u7247_202503031749021-100x100.jpg 100w, https:\/\/kindven.com\/wp-content\/uploads\/2025\/03\/\u5fae\u4fe1\u56fe\u7247_202503031749021.jpg 800w\" sizes=\"(max-width: 436px) 100vw, 436px\" \/><\/p>\n<p style=\"text-align: center;\"><img decoding=\"async\" class=\"alignnone wp-image-1238\" src=\"https:\/\/kindven.com\/wp-content\/uploads\/2025\/03\/\u5fae\u4fe1\u56fe\u7247_20250303174902-300x300.jpg\" alt=\"\" width=\"436\" height=\"436\" srcset=\"https:\/\/kindven.com\/wp-content\/uploads\/2025\/03\/\u5fae\u4fe1\u56fe\u7247_20250303174902-300x300.jpg 300w, https:\/\/kindven.com\/wp-content\/uploads\/2025\/03\/\u5fae\u4fe1\u56fe\u7247_20250303174902-150x150.jpg 150w, https:\/\/kindven.com\/wp-content\/uploads\/2025\/03\/\u5fae\u4fe1\u56fe\u7247_20250303174902-768x768.jpg 768w, https:\/\/kindven.com\/wp-content\/uploads\/2025\/03\/\u5fae\u4fe1\u56fe\u7247_20250303174902-12x12.jpg 12w, https:\/\/kindven.com\/wp-content\/uploads\/2025\/03\/\u5fae\u4fe1\u56fe\u7247_20250303174902-600x600.jpg 600w, https:\/\/kindven.com\/wp-content\/uploads\/2025\/03\/\u5fae\u4fe1\u56fe\u7247_20250303174902-100x100.jpg 100w, https:\/\/kindven.com\/wp-content\/uploads\/2025\/03\/\u5fae\u4fe1\u56fe\u7247_20250303174902.jpg 800w\" sizes=\"(max-width: 436px) 100vw, 436px\" \/><\/p>\n<p><img decoding=\"async\" class=\"alignnone wp-image-1239 aligncenter\" src=\"https:\/\/kindven.com\/wp-content\/uploads\/2025\/03\/\u5fae\u4fe1\u56fe\u7247_20250303174900-300x300.jpg\" alt=\"\" width=\"436\" height=\"436\" srcset=\"\" sizes=\"(max-width: 436px) 100vw, 436px\" data-srcset=\"\" \/><\/p>\n<p style=\"text-align: center;\"><img loading=\"lazy\" decoding=\"async\" class=\"alignnone size-medium wp-image-1247\" src=\"https:\/\/kindven.com\/wp-content\/uploads\/2025\/03\/8ebdef3c2bf77d596f695cdd97f61df6-300x300.jpeg\" alt=\"\" width=\"436\" height=\"436\" srcset=\"https:\/\/kindven.com\/wp-content\/uploads\/2025\/03\/8ebdef3c2bf77d596f695cdd97f61df6-300x300.jpeg 300w, https:\/\/kindven.com\/wp-content\/uploads\/2025\/03\/8ebdef3c2bf77d596f695cdd97f61df6-150x150.jpeg 150w, https:\/\/kindven.com\/wp-content\/uploads\/2025\/03\/8ebdef3c2bf77d596f695cdd97f61df6-768x768.jpeg 768w, https:\/\/kindven.com\/wp-content\/uploads\/2025\/03\/8ebdef3c2bf77d596f695cdd97f61df6-12x12.jpeg 12w, https:\/\/kindven.com\/wp-content\/uploads\/2025\/03\/8ebdef3c2bf77d596f695cdd97f61df6-600x600.jpeg 600w, https:\/\/kindven.com\/wp-content\/uploads\/2025\/03\/8ebdef3c2bf77d596f695cdd97f61df6-100x100.jpeg 100w, https:\/\/kindven.com\/wp-content\/uploads\/2025\/03\/8ebdef3c2bf77d596f695cdd97f61df6.jpeg 1000w\" sizes=\"(max-width: 436px) 100vw, 436px\" \/><\/p>","protected":false},"excerpt":{"rendered":"<p>L \u015feklinde tavan \u00e7ivisi bir \u00e7e\u015fit tavan \u00e7ivisidir. <span class=\"\" data-bm=\"36\">o<\/span> <span class=\"\" data-bm=\"38\">o<\/span> <span class=\"\" data-bm=\"40\">kullan\u0131lm\u0131\u015f<\/span> <span class=\"\" data-bm=\"42\">i\u00e7in<\/span> <span class=\"\" data-bm=\"44\">asmak<\/span> <span class=\"\" data-bm=\"46\">tel<\/span><\/p>","protected":false},"featured_media":1239,"template":"","meta":{"rank_math_lock_modified_date":false},"product_cat":[27],"product_tag":[41,42],"class_list":{"0":"post-1236","1":"product","2":"type-product","3":"status-publish","4":"has-post-thumbnail","6":"product_cat-big-gun-nail","7":"product_tag-integrated-nail","8":"product_tag-shooting-nail","10":"first","11":"instock","12":"shipping-taxable","13":"purchasable","14":"product-type-simple"},"_links":{"self":[{"href":"https:\/\/kindven.com\/tr\/wp-json\/wp\/v2\/product\/1236","targetHints":{"allow":["GET"]}}],"collection":[{"href":"https:\/\/kindven.com\/tr\/wp-json\/wp\/v2\/product"}],"about":[{"href":"https:\/\/kindven.com\/tr\/wp-json\/wp\/v2\/types\/product"}],"wp:featuredmedia":[{"embeddable":true,"href":"https:\/\/kindven.com\/tr\/wp-json\/wp\/v2\/media\/1239"}],"wp:attachment":[{"href":"https:\/\/kindven.com\/tr\/wp-json\/wp\/v2\/media?parent=1236"}],"wp:term":[{"taxonomy":"product_cat","embeddable":true,"href":"https:\/\/kindven.com\/tr\/wp-json\/wp\/v2\/product_cat?post=1236"},{"taxonomy":"product_tag","embeddable":true,"href":"https:\/\/kindven.com\/tr\/wp-json\/wp\/v2\/product_tag?post=1236"}],"curies":[{"name":"wp","href":"https:\/\/api.w.org\/{rel}","templated":true}]}}