{"id":1178,"date":"2025-02-27T16:20:11","date_gmt":"2025-02-27T08:20:11","guid":{"rendered":"https:\/\/kindven.com\/?post_type=product&#038;p=1178"},"modified":"2025-09-07T14:08:43","modified_gmt":"2025-09-07T06:08:43","slug":"manual-mini-steel-nail-gun","status":"publish","type":"product","link":"https:\/\/kindven.com\/tr\/urun\/manual-mini-steel-nail-gun\/","title":{"rendered":"Manuel Mini \u00c7elik \u00c7ivi Tabancas\u0131"},"content":{"rendered":"<p><img fetchpriority=\"high\" decoding=\"async\" class=\"alignnone wp-image-1179 aligncenter\" src=\"https:\/\/kindven.com\/wp-content\/uploads\/2025\/02\/\u5fae\u4fe1\u56fe\u7247_20240706213737-300x200.jpg\" alt=\"\" width=\"474\" height=\"316\" srcset=\"https:\/\/kindven.com\/wp-content\/uploads\/2025\/02\/\u5fae\u4fe1\u56fe\u7247_20240706213737-300x200.jpg 300w, https:\/\/kindven.com\/wp-content\/uploads\/2025\/02\/\u5fae\u4fe1\u56fe\u7247_20240706213737-1024x681.jpg 1024w, https:\/\/kindven.com\/wp-content\/uploads\/2025\/02\/\u5fae\u4fe1\u56fe\u7247_20240706213737-768x511.jpg 768w, https:\/\/kindven.com\/wp-content\/uploads\/2025\/02\/\u5fae\u4fe1\u56fe\u7247_20240706213737-18x12.jpg 18w, https:\/\/kindven.com\/wp-content\/uploads\/2025\/02\/\u5fae\u4fe1\u56fe\u7247_20240706213737-600x399.jpg 600w, https:\/\/kindven.com\/wp-content\/uploads\/2025\/02\/\u5fae\u4fe1\u56fe\u7247_20240706213737.jpg 1438w\" sizes=\"(max-width: 474px) 100vw, 474px\" \/><img decoding=\"async\" class=\"wp-image-1181 aligncenter\" src=\"https:\/\/kindven.com\/wp-content\/uploads\/2025\/02\/\u5fae\u4fe1\u56fe\u7247_20250227154556-enls-220x300.webp\" alt=\"\" width=\"478\" height=\"652\" srcset=\"https:\/\/kindven.com\/wp-content\/uploads\/2025\/02\/\u5fae\u4fe1\u56fe\u7247_20250227154556-enls-220x300.webp 220w, https:\/\/kindven.com\/wp-content\/uploads\/2025\/02\/\u5fae\u4fe1\u56fe\u7247_20250227154556-enls-750x1024.webp 750w, https:\/\/kindven.com\/wp-content\/uploads\/2025\/02\/\u5fae\u4fe1\u56fe\u7247_20250227154556-enls-768x1049.webp 768w, https:\/\/kindven.com\/wp-content\/uploads\/2025\/02\/\u5fae\u4fe1\u56fe\u7247_20250227154556-enls-9x12.webp 9w, https:\/\/kindven.com\/wp-content\/uploads\/2025\/02\/\u5fae\u4fe1\u56fe\u7247_20250227154556-enls-600x819.webp 600w, https:\/\/kindven.com\/wp-content\/uploads\/2025\/02\/\u5fae\u4fe1\u56fe\u7247_20250227154556-enls.webp 790w\" sizes=\"(max-width: 478px) 100vw, 478px\" \/><img decoding=\"async\" class=\"alignnone wp-image-1180 aligncenter\" src=\"https:\/\/kindven.com\/wp-content\/uploads\/2025\/02\/\u5fae\u4fe1\u56fe\u7247_20240706213741-300x224.jpg\" alt=\"\" width=\"484\" height=\"361\" srcset=\"https:\/\/kindven.com\/wp-content\/uploads\/2025\/02\/\u5fae\u4fe1\u56fe\u7247_20240706213741-300x224.jpg 300w, https:\/\/kindven.com\/wp-content\/uploads\/2025\/02\/\u5fae\u4fe1\u56fe\u7247_20240706213741-16x12.jpg 16w, https:\/\/kindven.com\/wp-content\/uploads\/2025\/02\/\u5fae\u4fe1\u56fe\u7247_20240706213741-600x449.jpg 600w, https:\/\/kindven.com\/wp-content\/uploads\/2025\/02\/\u5fae\u4fe1\u56fe\u7247_20240706213741.jpg 663w\" sizes=\"(max-width: 484px) 100vw, 484px\" \/><\/p>","protected":false},"excerpt":{"rendered":"<p title=\"Mini Tavan Aleti Susturucu Tabancas\u0131 \u00c7ivi Atma \u00c7ivi Tabancas\u0131 Duvar Ba\u011flant\u0131 Eleman\u0131 \u00c7ivi Sabitleme Kablo olu\u011fu Ask\u0131 Boru Kelep\u00e7esi Kurulum\" data-spm-anchor-id=\"a2700.details.0.i63.2c746c55fCvzai\">Manuel Mini \u00c7elik \u00c7ivi Tabancas\u0131 Mini \u00c7ivi Tabancas\u0131 Mini Tavan Aleti Susturucu Tabancas\u0131 \u00c7ivi At\u0131\u015f\u0131 \u00c7ivi Tabancas\u0131 Duvar Ba\u011flant\u0131 Eleman\u0131 \u00c7ivi Sabitleme Kablo olu\u011fu Ask\u0131 Boru Kelep\u00e7esi Kurulum \u00c7ok fonksiyonlu Ev Tavan Eseri Mini \u00c7ivi Tabancas\u0131 Elektrikli Beton \u00c7ivi Tabancas\u0131<\/p>","protected":false},"featured_media":1182,"template":"","meta":{"rank_math_lock_modified_date":false},"product_cat":[25],"product_tag":[],"class_list":{"0":"post-1178","1":"product","2":"type-product","3":"status-publish","4":"has-post-thumbnail","6":"product_cat-mini-nail-gun","8":"first","9":"instock","10":"featured","11":"shipping-taxable","12":"purchasable","13":"product-type-simple"},"_links":{"self":[{"href":"https:\/\/kindven.com\/tr\/wp-json\/wp\/v2\/product\/1178","targetHints":{"allow":["GET"]}}],"collection":[{"href":"https:\/\/kindven.com\/tr\/wp-json\/wp\/v2\/product"}],"about":[{"href":"https:\/\/kindven.com\/tr\/wp-json\/wp\/v2\/types\/product"}],"wp:featuredmedia":[{"embeddable":true,"href":"https:\/\/kindven.com\/tr\/wp-json\/wp\/v2\/media\/1182"}],"wp:attachment":[{"href":"https:\/\/kindven.com\/tr\/wp-json\/wp\/v2\/media?parent=1178"}],"wp:term":[{"taxonomy":"product_cat","embeddable":true,"href":"https:\/\/kindven.com\/tr\/wp-json\/wp\/v2\/product_cat?post=1178"},{"taxonomy":"product_tag","embeddable":true,"href":"https:\/\/kindven.com\/tr\/wp-json\/wp\/v2\/product_tag?post=1178"}],"curies":[{"name":"wp","href":"https:\/\/api.w.org\/{rel}","templated":true}]}}