{"id":807,"date":"2024-10-20T19:39:34","date_gmt":"2024-10-20T11:39:34","guid":{"rendered":"https:\/\/kindven.com\/?post_type=product&#038;p=807"},"modified":"2025-09-07T13:59:14","modified_gmt":"2025-09-07T05:59:14","slug":"big-32-pipe-nail","status":"publish","type":"product","link":"https:\/\/kindven.com\/fr\/produit\/big-32-pipe-nail\/","title":{"rendered":"clou pour tuyau 32"},"content":{"rendered":"<p style=\"text-align: center;\">clou pour tuyau 32<\/p>\n<p style=\"text-align: center;\"><img fetchpriority=\"high\" decoding=\"async\" class=\"alignnone wp-image-1089\" src=\"http:\/\/kindven.com\/wp-content\/uploads\/2024\/10\/\u5fae\u4fe1\u56fe\u7247_20241102195647-300x169.jpg\" alt=\"\" width=\"497\" height=\"280\" srcset=\"https:\/\/kindven.com\/wp-content\/uploads\/2024\/10\/\u5fae\u4fe1\u56fe\u7247_20241102195647-300x169.jpg 300w, https:\/\/kindven.com\/wp-content\/uploads\/2024\/10\/\u5fae\u4fe1\u56fe\u7247_20241102195647-1024x576.jpg 1024w, https:\/\/kindven.com\/wp-content\/uploads\/2024\/10\/\u5fae\u4fe1\u56fe\u7247_20241102195647-768x432.jpg 768w, https:\/\/kindven.com\/wp-content\/uploads\/2024\/10\/\u5fae\u4fe1\u56fe\u7247_20241102195647-18x10.jpg 18w, https:\/\/kindven.com\/wp-content\/uploads\/2024\/10\/\u5fae\u4fe1\u56fe\u7247_20241102195647-600x338.jpg 600w, https:\/\/kindven.com\/wp-content\/uploads\/2024\/10\/\u5fae\u4fe1\u56fe\u7247_20241102195647.jpg 1080w\" sizes=\"(max-width: 497px) 100vw, 497px\" \/><\/p>\n<p style=\"text-align: center;\"><img decoding=\"async\" class=\"alignnone wp-image-1090\" src=\"http:\/\/kindven.com\/wp-content\/uploads\/2024\/10\/\u5fae\u4fe1\u56fe\u7247_202411021956461-169x300.jpg\" alt=\"\" width=\"247\" height=\"438\" srcset=\"https:\/\/kindven.com\/wp-content\/uploads\/2024\/10\/\u5fae\u4fe1\u56fe\u7247_202411021956461-169x300.jpg 169w, https:\/\/kindven.com\/wp-content\/uploads\/2024\/10\/\u5fae\u4fe1\u56fe\u7247_202411021956461-576x1024.jpg 576w, https:\/\/kindven.com\/wp-content\/uploads\/2024\/10\/\u5fae\u4fe1\u56fe\u7247_202411021956461-768x1365.jpg 768w, https:\/\/kindven.com\/wp-content\/uploads\/2024\/10\/\u5fae\u4fe1\u56fe\u7247_202411021956461-864x1536.jpg 864w, https:\/\/kindven.com\/wp-content\/uploads\/2024\/10\/\u5fae\u4fe1\u56fe\u7247_202411021956461-7x12.jpg 7w, https:\/\/kindven.com\/wp-content\/uploads\/2024\/10\/\u5fae\u4fe1\u56fe\u7247_202411021956461-600x1067.jpg 600w, https:\/\/kindven.com\/wp-content\/uploads\/2024\/10\/\u5fae\u4fe1\u56fe\u7247_202411021956461.jpg 1080w\" sizes=\"(max-width: 247px) 100vw, 247px\" \/> <img decoding=\"async\" class=\"alignnone wp-image-1091\" src=\"http:\/\/kindven.com\/wp-content\/uploads\/2024\/10\/\u5fae\u4fe1\u56fe\u7247_20241102195646-169x300.jpg\" alt=\"\" width=\"248\" height=\"440\" srcset=\"https:\/\/kindven.com\/wp-content\/uploads\/2024\/10\/\u5fae\u4fe1\u56fe\u7247_20241102195646-169x300.jpg 169w, https:\/\/kindven.com\/wp-content\/uploads\/2024\/10\/\u5fae\u4fe1\u56fe\u7247_20241102195646-576x1024.jpg 576w, https:\/\/kindven.com\/wp-content\/uploads\/2024\/10\/\u5fae\u4fe1\u56fe\u7247_20241102195646-768x1365.jpg 768w, https:\/\/kindven.com\/wp-content\/uploads\/2024\/10\/\u5fae\u4fe1\u56fe\u7247_20241102195646-864x1536.jpg 864w, https:\/\/kindven.com\/wp-content\/uploads\/2024\/10\/\u5fae\u4fe1\u56fe\u7247_20241102195646-7x12.jpg 7w, https:\/\/kindven.com\/wp-content\/uploads\/2024\/10\/\u5fae\u4fe1\u56fe\u7247_20241102195646-600x1067.jpg 600w, https:\/\/kindven.com\/wp-content\/uploads\/2024\/10\/\u5fae\u4fe1\u56fe\u7247_20241102195646.jpg 1080w\" sizes=\"(max-width: 248px) 100vw, 248px\" \/><\/p>\n<p style=\"text-align: center;\"><img loading=\"lazy\" decoding=\"async\" class=\"alignnone wp-image-1093\" src=\"http:\/\/kindven.com\/wp-content\/uploads\/2024\/10\/\u5fae\u4fe1\u56fe\u7247_20241102195645-225x300.jpg\" alt=\"\" width=\"247\" height=\"330\" srcset=\"https:\/\/kindven.com\/wp-content\/uploads\/2024\/10\/\u5fae\u4fe1\u56fe\u7247_20241102195645-225x300.jpg 225w, https:\/\/kindven.com\/wp-content\/uploads\/2024\/10\/\u5fae\u4fe1\u56fe\u7247_20241102195645-768x1024.jpg 768w, https:\/\/kindven.com\/wp-content\/uploads\/2024\/10\/\u5fae\u4fe1\u56fe\u7247_20241102195645-9x12.jpg 9w, https:\/\/kindven.com\/wp-content\/uploads\/2024\/10\/\u5fae\u4fe1\u56fe\u7247_20241102195645-600x800.jpg 600w, https:\/\/kindven.com\/wp-content\/uploads\/2024\/10\/\u5fae\u4fe1\u56fe\u7247_20241102195645.jpg 1080w\" sizes=\"(max-width: 247px) 100vw, 247px\" \/> <img loading=\"lazy\" decoding=\"async\" class=\"alignnone wp-image-1094\" src=\"http:\/\/kindven.com\/wp-content\/uploads\/2024\/10\/\u5fae\u4fe1\u56fe\u7247_20241102195644-225x300.jpg\" alt=\"\" width=\"247\" height=\"330\" srcset=\"https:\/\/kindven.com\/wp-content\/uploads\/2024\/10\/\u5fae\u4fe1\u56fe\u7247_20241102195644-225x300.jpg 225w, https:\/\/kindven.com\/wp-content\/uploads\/2024\/10\/\u5fae\u4fe1\u56fe\u7247_20241102195644-768x1024.jpg 768w, https:\/\/kindven.com\/wp-content\/uploads\/2024\/10\/\u5fae\u4fe1\u56fe\u7247_20241102195644-9x12.jpg 9w, https:\/\/kindven.com\/wp-content\/uploads\/2024\/10\/\u5fae\u4fe1\u56fe\u7247_20241102195644-600x800.jpg 600w, https:\/\/kindven.com\/wp-content\/uploads\/2024\/10\/\u5fae\u4fe1\u56fe\u7247_20241102195644.jpg 1080w\" sizes=\"(max-width: 247px) 100vw, 247px\" \/><\/p>\n<p style=\"text-align: center;\"><img loading=\"lazy\" decoding=\"async\" class=\"alignnone wp-image-1095\" src=\"http:\/\/kindven.com\/wp-content\/uploads\/2024\/10\/\u5fae\u4fe1\u56fe\u7247_20241102195642-169x300.jpg\" alt=\"\" width=\"246\" height=\"437\" srcset=\"https:\/\/kindven.com\/wp-content\/uploads\/2024\/10\/\u5fae\u4fe1\u56fe\u7247_20241102195642-169x300.jpg 169w, https:\/\/kindven.com\/wp-content\/uploads\/2024\/10\/\u5fae\u4fe1\u56fe\u7247_20241102195642-575x1024.jpg 575w, https:\/\/kindven.com\/wp-content\/uploads\/2024\/10\/\u5fae\u4fe1\u56fe\u7247_20241102195642-768x1367.jpg 768w, https:\/\/kindven.com\/wp-content\/uploads\/2024\/10\/\u5fae\u4fe1\u56fe\u7247_20241102195642-863x1536.jpg 863w, https:\/\/kindven.com\/wp-content\/uploads\/2024\/10\/\u5fae\u4fe1\u56fe\u7247_20241102195642-7x12.jpg 7w, https:\/\/kindven.com\/wp-content\/uploads\/2024\/10\/\u5fae\u4fe1\u56fe\u7247_20241102195642-600x1068.jpg 600w, https:\/\/kindven.com\/wp-content\/uploads\/2024\/10\/\u5fae\u4fe1\u56fe\u7247_20241102195642.jpg 1079w\" sizes=\"(max-width: 246px) 100vw, 246px\" \/> <img loading=\"lazy\" decoding=\"async\" class=\"alignnone wp-image-1096\" src=\"http:\/\/kindven.com\/wp-content\/uploads\/2024\/10\/\u5fae\u4fe1\u56fe\u7247_202411021956411-169x300.jpg\" alt=\"\" width=\"247\" height=\"438\" srcset=\"https:\/\/kindven.com\/wp-content\/uploads\/2024\/10\/\u5fae\u4fe1\u56fe\u7247_202411021956411-169x300.jpg 169w, https:\/\/kindven.com\/wp-content\/uploads\/2024\/10\/\u5fae\u4fe1\u56fe\u7247_202411021956411-7x12.jpg 7w\" sizes=\"(max-width: 247px) 100vw, 247px\" \/><\/p>\n<p><img loading=\"lazy\" decoding=\"async\" class=\"alignnone wp-image-1097 aligncenter\" src=\"http:\/\/kindven.com\/wp-content\/uploads\/2024\/10\/\u5fae\u4fe1\u56fe\u7247_20241102195635-169x300.jpg\" alt=\"\" width=\"246\" height=\"437\" srcset=\"https:\/\/kindven.com\/wp-content\/uploads\/2024\/10\/\u5fae\u4fe1\u56fe\u7247_20241102195635-169x300.jpg 169w, https:\/\/kindven.com\/wp-content\/uploads\/2024\/10\/\u5fae\u4fe1\u56fe\u7247_20241102195635-576x1024.jpg 576w, https:\/\/kindven.com\/wp-content\/uploads\/2024\/10\/\u5fae\u4fe1\u56fe\u7247_20241102195635-7x12.jpg 7w, https:\/\/kindven.com\/wp-content\/uploads\/2024\/10\/\u5fae\u4fe1\u56fe\u7247_20241102195635-600x1067.jpg 600w, https:\/\/kindven.com\/wp-content\/uploads\/2024\/10\/\u5fae\u4fe1\u56fe\u7247_20241102195635.jpg 720w\" sizes=\"(max-width: 246px) 100vw, 246px\" \/><\/p>","protected":false},"excerpt":{"rendered":"<p>Le clou \u00e0 tuyau big 32 est un clou \u00e0 pince incurv\u00e9e\uff0c une sorte de clou int\u00e9gr\u00e9 de tube de m\u00e9decine et de clous en fer\uff0c qui maintient un tuyau de 32 mm en place.<\/p>","protected":false},"featured_media":831,"template":"","meta":{"rank_math_lock_modified_date":false},"product_cat":[27],"product_tag":[41,42],"class_list":{"0":"post-807","1":"product","2":"type-product","3":"status-publish","4":"has-post-thumbnail","6":"product_cat-big-gun-nail","7":"product_tag-integrated-nail","8":"product_tag-shooting-nail","10":"first","11":"instock","12":"shipping-taxable","13":"purchasable","14":"product-type-simple"},"_links":{"self":[{"href":"https:\/\/kindven.com\/fr\/wp-json\/wp\/v2\/product\/807","targetHints":{"allow":["GET"]}}],"collection":[{"href":"https:\/\/kindven.com\/fr\/wp-json\/wp\/v2\/product"}],"about":[{"href":"https:\/\/kindven.com\/fr\/wp-json\/wp\/v2\/types\/product"}],"wp:featuredmedia":[{"embeddable":true,"href":"https:\/\/kindven.com\/fr\/wp-json\/wp\/v2\/media\/831"}],"wp:attachment":[{"href":"https:\/\/kindven.com\/fr\/wp-json\/wp\/v2\/media?parent=807"}],"wp:term":[{"taxonomy":"product_cat","embeddable":true,"href":"https:\/\/kindven.com\/fr\/wp-json\/wp\/v2\/product_cat?post=807"},{"taxonomy":"product_tag","embeddable":true,"href":"https:\/\/kindven.com\/fr\/wp-json\/wp\/v2\/product_tag?post=807"}],"curies":[{"name":"wp","href":"https:\/\/api.w.org\/{rel}","templated":true}]}}