{"id":802,"date":"2024-10-20T19:32:40","date_gmt":"2024-10-20T11:32:40","guid":{"rendered":"https:\/\/kindven.com\/?post_type=product&#038;p=802"},"modified":"2025-09-07T13:55:09","modified_gmt":"2025-09-07T05:55:09","slug":"big-42-discs-nail","status":"publish","type":"product","link":"https:\/\/kindven.com\/fr\/produit\/big-42-discs-nail\/","title":{"rendered":"grands disques 42 clous"},"content":{"rendered":"<p style=\"text-align: center;\">grands disques 42 clous<\/p>\n<p>\u00a0\u00a0<img fetchpriority=\"high\" decoding=\"async\" class=\"alignnone wp-image-687 aligncenter\" src=\"http:\/\/kindven.com\/wp-content\/uploads\/2024\/09\/O1CN01V0Dtld2DjSx1cCBRL-300x300.webp\" alt=\"\" width=\"401\" height=\"401\" srcset=\"https:\/\/kindven.com\/wp-content\/uploads\/2024\/09\/O1CN01V0Dtld2DjSx1cCBRL-300x300.webp 300w, https:\/\/kindven.com\/wp-content\/uploads\/2024\/09\/O1CN01V0Dtld2DjSx1cCBRL-150x150.webp 150w, https:\/\/kindven.com\/wp-content\/uploads\/2024\/09\/O1CN01V0Dtld2DjSx1cCBRL-12x12.webp 12w, https:\/\/kindven.com\/wp-content\/uploads\/2024\/09\/O1CN01V0Dtld2DjSx1cCBRL-600x600.webp 600w, https:\/\/kindven.com\/wp-content\/uploads\/2024\/09\/O1CN01V0Dtld2DjSx1cCBRL-100x100.webp 100w, https:\/\/kindven.com\/wp-content\/uploads\/2024\/09\/O1CN01V0Dtld2DjSx1cCBRL.webp 610w\" sizes=\"(max-width: 401px) 100vw, 401px\" \/> <img decoding=\"async\" class=\"alignnone wp-image-679 aligncenter\" src=\"http:\/\/kindven.com\/wp-content\/uploads\/2024\/09\/screenshot-1729167375925-300x300.webp\" alt=\"\" width=\"401\" height=\"401\" srcset=\"https:\/\/kindven.com\/wp-content\/uploads\/2024\/09\/screenshot-1729167375925-300x300.webp 300w, https:\/\/kindven.com\/wp-content\/uploads\/2024\/09\/screenshot-1729167375925-150x150.webp 150w, https:\/\/kindven.com\/wp-content\/uploads\/2024\/09\/screenshot-1729167375925-12x12.webp 12w, https:\/\/kindven.com\/wp-content\/uploads\/2024\/09\/screenshot-1729167375925-600x600.webp 600w, https:\/\/kindven.com\/wp-content\/uploads\/2024\/09\/screenshot-1729167375925-100x100.webp 100w, https:\/\/kindven.com\/wp-content\/uploads\/2024\/09\/screenshot-1729167375925.webp 718w\" sizes=\"(max-width: 401px) 100vw, 401px\" \/> <img decoding=\"async\" class=\"alignnone wp-image-678 aligncenter\" src=\"http:\/\/kindven.com\/wp-content\/uploads\/2024\/09\/O1CN01IJobb91neGT3xEHNO_0-rate-300x300.webp\" alt=\"\" width=\"401\" height=\"401\" srcset=\"https:\/\/kindven.com\/wp-content\/uploads\/2024\/09\/O1CN01IJobb91neGT3xEHNO_0-rate-300x300.webp 300w, https:\/\/kindven.com\/wp-content\/uploads\/2024\/09\/O1CN01IJobb91neGT3xEHNO_0-rate-150x150.webp 150w, https:\/\/kindven.com\/wp-content\/uploads\/2024\/09\/O1CN01IJobb91neGT3xEHNO_0-rate-12x12.webp 12w, https:\/\/kindven.com\/wp-content\/uploads\/2024\/09\/O1CN01IJobb91neGT3xEHNO_0-rate-600x600.webp 600w, https:\/\/kindven.com\/wp-content\/uploads\/2024\/09\/O1CN01IJobb91neGT3xEHNO_0-rate-100x100.webp 100w, https:\/\/kindven.com\/wp-content\/uploads\/2024\/09\/O1CN01IJobb91neGT3xEHNO_0-rate.webp 720w\" sizes=\"(max-width: 401px) 100vw, 401px\" \/><img loading=\"lazy\" decoding=\"async\" class=\"alignnone wp-image-1087 aligncenter\" src=\"http:\/\/kindven.com\/wp-content\/uploads\/2024\/10\/29649124-300x225.webp\" alt=\"\" width=\"401\" height=\"301\" srcset=\"https:\/\/kindven.com\/wp-content\/uploads\/2024\/10\/29649124-300x225.webp 300w, https:\/\/kindven.com\/wp-content\/uploads\/2024\/10\/29649124-16x12.webp 16w, https:\/\/kindven.com\/wp-content\/uploads\/2024\/10\/29649124.webp 500w\" sizes=\"(max-width: 401px) 100vw, 401px\" \/><img loading=\"lazy\" decoding=\"async\" class=\"alignnone wp-image-677 aligncenter\" src=\"http:\/\/kindven.com\/wp-content\/uploads\/2024\/09\/O1CN016KwWTi1KudkuYMGFK_0-rate-252x300.webp\" alt=\"\" width=\"401\" height=\"478\" srcset=\"https:\/\/kindven.com\/wp-content\/uploads\/2024\/09\/O1CN016KwWTi1KudkuYMGFK_0-rate-252x300.webp 252w, https:\/\/kindven.com\/wp-content\/uploads\/2024\/09\/O1CN016KwWTi1KudkuYMGFK_0-rate-10x12.webp 10w, https:\/\/kindven.com\/wp-content\/uploads\/2024\/09\/O1CN016KwWTi1KudkuYMGFK_0-rate-600x715.webp 600w, https:\/\/kindven.com\/wp-content\/uploads\/2024\/09\/O1CN016KwWTi1KudkuYMGFK_0-rate.webp 720w\" sizes=\"(max-width: 401px) 100vw, 401px\" \/><\/p>\n<p>&nbsp;<\/p>\n<p>&nbsp;<\/p>","protected":false},"excerpt":{"rendered":"<p>Le clou \u00e0 disque 42 est un clou int\u00e9gr\u00e9 de 42 mm de long avec une pi\u00e8ce ronde, une sorte de clou int\u00e9gr\u00e9 de tube de m\u00e9decine et de clous en fer, qui a une large gamme d'applications.<\/p>","protected":false},"featured_media":833,"template":"","meta":{"rank_math_lock_modified_date":false},"product_cat":[27],"product_tag":[41,42],"class_list":{"0":"post-802","1":"product","2":"type-product","3":"status-publish","4":"has-post-thumbnail","6":"product_cat-big-gun-nail","7":"product_tag-integrated-nail","8":"product_tag-shooting-nail","10":"first","11":"instock","12":"shipping-taxable","13":"purchasable","14":"product-type-simple"},"_links":{"self":[{"href":"https:\/\/kindven.com\/fr\/wp-json\/wp\/v2\/product\/802","targetHints":{"allow":["GET"]}}],"collection":[{"href":"https:\/\/kindven.com\/fr\/wp-json\/wp\/v2\/product"}],"about":[{"href":"https:\/\/kindven.com\/fr\/wp-json\/wp\/v2\/types\/product"}],"wp:featuredmedia":[{"embeddable":true,"href":"https:\/\/kindven.com\/fr\/wp-json\/wp\/v2\/media\/833"}],"wp:attachment":[{"href":"https:\/\/kindven.com\/fr\/wp-json\/wp\/v2\/media?parent=802"}],"wp:term":[{"taxonomy":"product_cat","embeddable":true,"href":"https:\/\/kindven.com\/fr\/wp-json\/wp\/v2\/product_cat?post=802"},{"taxonomy":"product_tag","embeddable":true,"href":"https:\/\/kindven.com\/fr\/wp-json\/wp\/v2\/product_tag?post=802"}],"curies":[{"name":"wp","href":"https:\/\/api.w.org\/{rel}","templated":true}]}}