{"id":341,"date":"2024-10-09T19:44:45","date_gmt":"2024-10-09T11:44:45","guid":{"rendered":"https:\/\/kindven.com\/?post_type=product&#038;p=341"},"modified":"2025-09-07T13:52:02","modified_gmt":"2025-09-07T05:52:02","slug":"mini-clasp-nail","status":"publish","type":"product","link":"https:\/\/kindven.com\/fr\/produit\/mini-clasp-nail\/","title":{"rendered":"mini clou \u00e0 fermoir"},"content":{"rendered":"<p style=\"text-align: center;\">mini clou \u00e0 fermoir<\/p>\n<p><img fetchpriority=\"high\" decoding=\"async\" class=\"wp-image-1102 aligncenter\" src=\"http:\/\/kindven.com\/wp-content\/uploads\/2024\/10\/O1CN01gFMdX21pHTz5UwL4q_0-tbbala.jpg_960x960.jpg_-225x300.webp\" alt=\"\" width=\"568\" height=\"757\" srcset=\"https:\/\/kindven.com\/wp-content\/uploads\/2024\/10\/O1CN01gFMdX21pHTz5UwL4q_0-tbbala.jpg_960x960.jpg_-225x300.webp 225w, https:\/\/kindven.com\/wp-content\/uploads\/2024\/10\/O1CN01gFMdX21pHTz5UwL4q_0-tbbala.jpg_960x960.jpg_-9x12.webp 9w, https:\/\/kindven.com\/wp-content\/uploads\/2024\/10\/O1CN01gFMdX21pHTz5UwL4q_0-tbbala.jpg_960x960.jpg_-600x800.webp 600w, https:\/\/kindven.com\/wp-content\/uploads\/2024\/10\/O1CN01gFMdX21pHTz5UwL4q_0-tbbala.jpg_960x960.jpg_.webp 720w\" sizes=\"(max-width: 568px) 100vw, 568px\" \/><\/p>","protected":false},"excerpt":{"rendered":"<p>Le mini clou \u00e0 agrafe est une sorte de mini clou int\u00e9gr\u00e9 avec des languettes de fer perfor\u00e9es, une sorte de clou int\u00e9gr\u00e9 de tube de m\u00e9dicament et de clous de fer.<\/p>","protected":false},"featured_media":847,"template":"","meta":{"rank_math_lock_modified_date":false},"product_cat":[16],"product_tag":[41,42],"class_list":{"0":"post-341","1":"product","2":"type-product","3":"status-publish","4":"has-post-thumbnail","6":"product_cat-mini-gun-nail","7":"product_tag-integrated-nail","8":"product_tag-shooting-nail","10":"first","11":"instock","12":"shipping-taxable","13":"purchasable","14":"product-type-simple"},"_links":{"self":[{"href":"https:\/\/kindven.com\/fr\/wp-json\/wp\/v2\/product\/341","targetHints":{"allow":["GET"]}}],"collection":[{"href":"https:\/\/kindven.com\/fr\/wp-json\/wp\/v2\/product"}],"about":[{"href":"https:\/\/kindven.com\/fr\/wp-json\/wp\/v2\/types\/product"}],"wp:featuredmedia":[{"embeddable":true,"href":"https:\/\/kindven.com\/fr\/wp-json\/wp\/v2\/media\/847"}],"wp:attachment":[{"href":"https:\/\/kindven.com\/fr\/wp-json\/wp\/v2\/media?parent=341"}],"wp:term":[{"taxonomy":"product_cat","embeddable":true,"href":"https:\/\/kindven.com\/fr\/wp-json\/wp\/v2\/product_cat?post=341"},{"taxonomy":"product_tag","embeddable":true,"href":"https:\/\/kindven.com\/fr\/wp-json\/wp\/v2\/product_tag?post=341"}],"curies":[{"name":"wp","href":"https:\/\/api.w.org\/{rel}","templated":true}]}}