{"id":340,"date":"2024-10-09T19:44:01","date_gmt":"2024-10-09T11:44:01","guid":{"rendered":"https:\/\/kindven.com\/?post_type=product&#038;p=340"},"modified":"2025-09-07T13:51:32","modified_gmt":"2025-09-07T05:51:32","slug":"mini-25-little-discs-nail","status":"publish","type":"product","link":"https:\/\/kindven.com\/fr\/produit\/mini-25-little-discs-nail\/","title":{"rendered":"mini 25 petits disques clou"},"content":{"rendered":"<p style=\"text-align: center;\">mini 25 petits disques clou<\/p>\n<p style=\"text-align: center;\"><img fetchpriority=\"high\" decoding=\"async\" class=\"alignnone size-medium wp-image-843\" src=\"https:\/\/kindven.com\/wp-content\/uploads\/2024\/10\/mini-25-little-discs-1-300x300.webp\" alt=\"\" width=\"300\" height=\"300\" srcset=\"https:\/\/kindven.com\/wp-content\/uploads\/2024\/10\/mini-25-little-discs-1-300x300.webp 300w, https:\/\/kindven.com\/wp-content\/uploads\/2024\/10\/mini-25-little-discs-1-1024x1024.webp 1024w, https:\/\/kindven.com\/wp-content\/uploads\/2024\/10\/mini-25-little-discs-1-150x150.webp 150w, https:\/\/kindven.com\/wp-content\/uploads\/2024\/10\/mini-25-little-discs-1-768x768.webp 768w, https:\/\/kindven.com\/wp-content\/uploads\/2024\/10\/mini-25-little-discs-1-12x12.webp 12w, https:\/\/kindven.com\/wp-content\/uploads\/2024\/10\/mini-25-little-discs-1-600x600.webp 600w, https:\/\/kindven.com\/wp-content\/uploads\/2024\/10\/mini-25-little-discs-1-100x100.webp 100w, https:\/\/kindven.com\/wp-content\/uploads\/2024\/10\/mini-25-little-discs-1.webp 1280w\" sizes=\"(max-width: 300px) 100vw, 300px\" \/><\/p>\n<p style=\"text-align: center;\">","protected":false},"excerpt":{"rendered":"<p>Mini 25 petits clous \u00e0 disque, dont le diam\u00e8tre de la pi\u00e8ce ronde n'est que de 10,5 mm. Il s'agit d'une sorte de mini clou int\u00e9gr\u00e9 \u00e0 un tube de m\u00e9dicament et \u00e0 des clous en fer, couramment utilis\u00e9 pour le collier de serrage en plastique d'un tuyau de ligne ou d'un tuyau d'eau au sol, ou pour le collier de serrage d'un tuyau en plastique suspendu dans le haut.<\/p>","protected":false},"featured_media":843,"template":"","meta":{"rank_math_lock_modified_date":false},"product_cat":[16],"product_tag":[41,42],"class_list":{"0":"post-340","1":"product","2":"type-product","3":"status-publish","4":"has-post-thumbnail","6":"product_cat-mini-gun-nail","7":"product_tag-integrated-nail","8":"product_tag-shooting-nail","10":"first","11":"instock","12":"shipping-taxable","13":"purchasable","14":"product-type-simple"},"_links":{"self":[{"href":"https:\/\/kindven.com\/fr\/wp-json\/wp\/v2\/product\/340","targetHints":{"allow":["GET"]}}],"collection":[{"href":"https:\/\/kindven.com\/fr\/wp-json\/wp\/v2\/product"}],"about":[{"href":"https:\/\/kindven.com\/fr\/wp-json\/wp\/v2\/types\/product"}],"wp:featuredmedia":[{"embeddable":true,"href":"https:\/\/kindven.com\/fr\/wp-json\/wp\/v2\/media\/843"}],"wp:attachment":[{"href":"https:\/\/kindven.com\/fr\/wp-json\/wp\/v2\/media?parent=340"}],"wp:term":[{"taxonomy":"product_cat","embeddable":true,"href":"https:\/\/kindven.com\/fr\/wp-json\/wp\/v2\/product_cat?post=340"},{"taxonomy":"product_tag","embeddable":true,"href":"https:\/\/kindven.com\/fr\/wp-json\/wp\/v2\/product_tag?post=340"}],"curies":[{"name":"wp","href":"https:\/\/api.w.org\/{rel}","templated":true}]}}