{"id":335,"date":"2024-10-09T19:38:18","date_gmt":"2024-10-09T11:38:18","guid":{"rendered":"https:\/\/kindven.com\/?post_type=product&#038;p=335"},"modified":"2025-09-07T13:47:15","modified_gmt":"2025-09-07T05:47:15","slug":"mini-42-discs-nail","status":"publish","type":"product","link":"https:\/\/kindven.com\/fr\/produit\/mini-42-discs-nail\/","title":{"rendered":"mini 42 disques clou"},"content":{"rendered":"<p style=\"text-align: center;\">mini 42 discs nail est un mini clou int\u00e9gr\u00e9 de 42mm de long<\/p>\n<p><img fetchpriority=\"high\" decoding=\"async\" class=\"alignnone wp-image-1103 aligncenter\" src=\"http:\/\/kindven.com\/wp-content\/uploads\/2024\/10\/O1CN01rKDp761iwWB83gutt_0-rate.jpg_960x960.jpg_-225x300.webp\" alt=\"\" width=\"442\" height=\"589\" srcset=\"https:\/\/kindven.com\/wp-content\/uploads\/2024\/10\/O1CN01rKDp761iwWB83gutt_0-rate.jpg_960x960.jpg_-225x300.webp 225w, https:\/\/kindven.com\/wp-content\/uploads\/2024\/10\/O1CN01rKDp761iwWB83gutt_0-rate.jpg_960x960.jpg_-9x12.webp 9w, https:\/\/kindven.com\/wp-content\/uploads\/2024\/10\/O1CN01rKDp761iwWB83gutt_0-rate.jpg_960x960.jpg_-600x800.webp 600w, https:\/\/kindven.com\/wp-content\/uploads\/2024\/10\/O1CN01rKDp761iwWB83gutt_0-rate.jpg_960x960.jpg_.webp 720w\" sizes=\"(max-width: 442px) 100vw, 442px\" \/><img decoding=\"async\" class=\"wp-image-1104 aligncenter\" style=\"text-align: center;\" src=\"http:\/\/kindven.com\/wp-content\/uploads\/2024\/10\/v2-683a65db18a4dcc398eb4683880c7d10_r-300x201.jpg\" alt=\"\" width=\"443\" height=\"296\" srcset=\"https:\/\/kindven.com\/wp-content\/uploads\/2024\/10\/v2-683a65db18a4dcc398eb4683880c7d10_r-300x201.jpg 300w, https:\/\/kindven.com\/wp-content\/uploads\/2024\/10\/v2-683a65db18a4dcc398eb4683880c7d10_r-768x515.jpg 768w, https:\/\/kindven.com\/wp-content\/uploads\/2024\/10\/v2-683a65db18a4dcc398eb4683880c7d10_r-18x12.jpg 18w, https:\/\/kindven.com\/wp-content\/uploads\/2024\/10\/v2-683a65db18a4dcc398eb4683880c7d10_r.jpg 979w\" sizes=\"(max-width: 443px) 100vw, 443px\" \/><\/p>","protected":false},"excerpt":{"rendered":"<p>Le mini clou 42 est un mini clou int\u00e9gr\u00e9 de 42 mm de long avec une feuille de fer ronde, il est principalement utilis\u00e9 pour assembler les bandes de bois au ciment, une sorte de clou int\u00e9gr\u00e9 de tube de m\u00e9decine et de clous en fer.<\/p>","protected":false},"featured_media":846,"template":"","meta":{"rank_math_lock_modified_date":false},"product_cat":[16],"product_tag":[41,42],"class_list":{"0":"post-335","1":"product","2":"type-product","3":"status-publish","4":"has-post-thumbnail","6":"product_cat-mini-gun-nail","7":"product_tag-integrated-nail","8":"product_tag-shooting-nail","10":"first","11":"instock","12":"shipping-taxable","13":"purchasable","14":"product-type-simple"},"_links":{"self":[{"href":"https:\/\/kindven.com\/fr\/wp-json\/wp\/v2\/product\/335","targetHints":{"allow":["GET"]}}],"collection":[{"href":"https:\/\/kindven.com\/fr\/wp-json\/wp\/v2\/product"}],"about":[{"href":"https:\/\/kindven.com\/fr\/wp-json\/wp\/v2\/types\/product"}],"wp:featuredmedia":[{"embeddable":true,"href":"https:\/\/kindven.com\/fr\/wp-json\/wp\/v2\/media\/846"}],"wp:attachment":[{"href":"https:\/\/kindven.com\/fr\/wp-json\/wp\/v2\/media?parent=335"}],"wp:term":[{"taxonomy":"product_cat","embeddable":true,"href":"https:\/\/kindven.com\/fr\/wp-json\/wp\/v2\/product_cat?post=335"},{"taxonomy":"product_tag","embeddable":true,"href":"https:\/\/kindven.com\/fr\/wp-json\/wp\/v2\/product_tag?post=335"}],"curies":[{"name":"wp","href":"https:\/\/api.w.org\/{rel}","templated":true}]}}